{"id":491,"date":"2017-04-24T19:12:30","date_gmt":"2017-04-24T19:12:30","guid":{"rendered":"http:\/\/mvc-stammheim.de\/?page_id=491"},"modified":"2026-02-15T10:43:51","modified_gmt":"2026-02-15T10:43:51","slug":"galerie","status":"publish","type":"page","link":"https:\/\/mvc-stammheim.de\/?page_id=491","title":{"rendered":"Galerie"},"content":{"rendered":"<h6>Fahrzeuge der Vereinsmitglieder findest Du <a href=\"https:\/\/mvc-stammheim.de\/?page_id=1971&amp;preview=true\">hier<\/a><\/h6>\n<h6>\u00dcbersicht der einzelnen Galerien unserer Aktivit\u00e4ten (bitte auch unter &#8222;Aktuelles&#8220; mal vorbeischauen)<\/h6>\n<p><a href=\"https:\/\/mvc-stammheim.de\/?p=14442\">Herbstausfahrt 2025 &#8211; Fr\u00e4nkische Schweiz<\/a><\/p>\n<p><a href=\"https:\/\/mvc-stammheim.de\/?p=14419\">Sommerausfahrt 2025 nach Kappelrodeck-Waldulm<\/a><\/p>\n<p><a href=\"https:\/\/mvc-stammheim.de\/?p=14241\">Saisoner\u00f6ffnungsfahrt 2025 &#8211; Fahrt ins Blaue<\/a><\/p>\n<p><a href=\"https:\/\/mvc-stammheim.de\/?p=13849\">Herbstausfahrt 2024 in den Hegau\/Bodensee<\/a><\/p>\n<p><a href=\"https:\/\/mvc-stammheim.de\/?p=13660\">Sommerausfahrt 2024 an den Lago Maggiore&nbsp;<\/a><\/p>\n<p><a href=\"https:\/\/mvc-stammheim.de\/?p=13592\">Saisoner\u00f6ffnungsfahrt 2024 &#8222;MVC Biathlon&#8220; nach Forbach<\/a><\/p>\n<p><a href=\"https:\/\/mvc-stammheim.de\/?p=13360\">Herbstausfahrt 2023 &#8211; Kortsch im Vinschgau \/ S\u00fcdtirol (Bericht und Bilder)<\/a><\/p>\n<p><a href=\"https:\/\/mvc-stammheim.de\/?p=13415\">Sommerausfahrt &#8222;Route des Grandes Alpes \/ Nizza \/ Schlucht von Verdon&#8220; (Bericht und Bilder)<\/a><\/p>\n<p><a href=\"https:\/\/mvc-stammheim.de\/?p=12972\">Er\u00f6ffnungsfahrt 2023 &#8211; Im heimischen Nagoldtal (Bericht und Bilder)<\/a><\/p>\n<p><a href=\"https:\/\/mvc-stammheim.de\/?p=12724\">Herbstausfahrt 2022 &#8211; Kaufbeuren\/Allg\u00e4u (Bericht und Bilder)<\/a><\/p>\n<p><a href=\"https:\/\/mvc-stammheim.de\/?p=12635\">Sommerausfahrt 2022 &#8211; Ludwigswinkel\/Pfalz (Bericht und Bilder)<\/a><\/p>\n<p><a href=\"https:\/\/mvc-stammheim.de\/?p=12460\">Er\u00f6ffnungsfahrt 2022 &#8211; Fohrenb\u00fchl\/Mittlerer Schwarzwald (Bericht und Bilder)<\/a><\/p>\n<p>Kimmich Open Mai 2022 &#8211; Gewerbeschau und Motorradausstellung des MVC<\/p>\n<p>Herbstausfahrt 2021 &#8211; Welzheimer Wald<\/p>\n<p><a href=\"https:\/\/mvc-stammheim.de\/?p=12303\">Sommerausfahrt 2020 &#8211; Pf\u00e4lzer Wald<\/a><\/p>\n<p><a href=\"https:\/\/mvc-stammheim.de\/?page_id=12296\">Er\u00f6ffnungsfahrt 2020 &#8211; Altes Zollhaus in Au am Rhein<\/a><\/p>\n<p><a href=\"https:\/\/mvc-stammheim.de\/?page_id=12082(\u00f6ffnet in neuem Tab)\" data-wplink-url-error=\"true\">Herbstausfahrt 2019 &#8211; Unterthingau \/ Auerberg Classics<\/a><\/p>\n<p><a href=\"https:\/\/mvc-stammheim.de\/?page_id=12080(\u00f6ffnet in neuem Tab)\" data-wplink-url-error=\"true\">MVC Sommerfest 2019<\/a><\/p>\n<p><a href=\"https:\/\/mvc-stammheim.de\/?page_id=11913(\u00f6ffnet in neuem Tab)\" data-wplink-url-error=\"true\">Sommerausfahrt 2019 &#8211; La Baroche<\/a><\/p>\n<p><a href=\"https:\/\/mvc-stammheim.de\/?page_id=11910\">Er\u00f6ffnungsfahrt 2019 &#8211; Unterwegs in heimischen Gefilden<\/a><\/p>\n<p><a href=\"https:\/\/mvc-stammheim.de\/?page_id=3029&amp;preview=true\">Herbstausfahrt 2018 Scheidegg<\/a><\/p>\n<p><a href=\"https:\/\/mvc-stammheim.de\/?page_id=2628&amp;preview=true\">Sommerfest 2018<\/a><\/p>\n<p><a href=\"https:\/\/mvc-stammheim.de\/?page_id=2372\">Fleckenfest 2018<\/a><\/p>\n<p><a href=\"https:\/\/mvc-stammheim.de\/?page_id=2481\">Ausfahrt Schluchsee 2018<\/a><\/p>\n<p><a href=\"https:\/\/mvc-stammheim.de\/?page_id=2190\">Er\u00f6ffngsausfahrt 2018 &#8211; Mundelsheim<\/a><\/p>\n<p><a href=\"https:\/\/mvc-stammheim.de\/?page_id=1877\">Ausfahrt Vogesen 2017<\/a><\/p>\n<p><a href=\"https:\/\/mvc-stammheim.de\/?page_id=615\">Ausfahrt Odenwald 2016<\/a><\/p>\n<p><a href=\"https:\/\/mvc-stammheim.de\/?page_id=1872\">Ausfahrt Labaroche 2016<\/a><\/p>\n<p><a href=\"https:\/\/mvc-stammheim.de\/?page_id=622\">Ausfahrt Lautertal 2015<\/a><\/p>\n<p><a href=\"https:\/\/mvc-stammheim.de\/?page_id=632\">Ausfahrt S\u00fcdschwarzwald 2015<\/a><\/p>\n<p>&nbsp;<\/p>\n","protected":false},"excerpt":{"rendered":"<p>Fahrzeuge der Vereinsmitglieder findest Du hier \u00dcbersicht der einzelnen Galerien unserer Aktivit\u00e4ten (bitte auch unter &#8222;Aktuelles&#8220; mal vorbeischauen) Herbstausfahrt 2025 &#8211; Fr\u00e4nkische Schweiz Sommerausfahrt 2025 nach Kappelrodeck-Waldulm Saisoner\u00f6ffnungsfahrt 2025 &#8211; &hellip; <a href=\"https:\/\/mvc-stammheim.de\/?page_id=491\" class=\"more-link\"><span class=\"screen-reader-text\">\u201eGalerie\u201c<\/span> weiterlesen<\/a><\/p>\n","protected":false},"author":1,"featured_media":0,"parent":0,"menu_order":0,"comment_status":"closed","ping_status":"closed","template":"","meta":{"ngg_post_thumbnail":0,"_price":"","_stock":"","_tribe_ticket_header":"","_tribe_default_ticket_provider":"","_ticket_start_date":"","_ticket_end_date":"","_tribe_ticket_show_description":"","_tribe_ticket_show_not_going":false,"_tribe_ticket_use_global_stock":"","_tribe_ticket_global_stock_level":"","_global_stock_mode":"","_global_stock_cap":"","_tribe_rsvp_for_event":"","_tribe_ticket_going_count":"","_tribe_ticket_not_going_count":"","_tribe_tickets_list":"[]","_tribe_ticket_has_attendee_info_fields":false,"footnotes":"","_tec_slr_enabled":"","_tec_slr_layout":""},"class_list":["post-491","page","type-page","status-publish","hentry"],"jetpack_sharing_enabled":true,"ticketed":false,"_links":{"self":[{"href":"https:\/\/mvc-stammheim.de\/index.php?rest_route=\/wp\/v2\/pages\/491","targetHints":{"allow":["GET"]}}],"collection":[{"href":"https:\/\/mvc-stammheim.de\/index.php?rest_route=\/wp\/v2\/pages"}],"about":[{"href":"https:\/\/mvc-stammheim.de\/index.php?rest_route=\/wp\/v2\/types\/page"}],"author":[{"embeddable":true,"href":"https:\/\/mvc-stammheim.de\/index.php?rest_route=\/wp\/v2\/users\/1"}],"replies":[{"embeddable":true,"href":"https:\/\/mvc-stammheim.de\/index.php?rest_route=%2Fwp%2Fv2%2Fcomments&post=491"}],"version-history":[{"count":40,"href":"https:\/\/mvc-stammheim.de\/index.php?rest_route=\/wp\/v2\/pages\/491\/revisions"}],"predecessor-version":[{"id":14506,"href":"https:\/\/mvc-stammheim.de\/index.php?rest_route=\/wp\/v2\/pages\/491\/revisions\/14506"}],"wp:attachment":[{"href":"https:\/\/mvc-stammheim.de\/index.php?rest_route=%2Fwp%2Fv2%2Fmedia&parent=491"}],"curies":[{"name":"wp","href":"https:\/\/api.w.org\/{rel}","templated":true}]}}