{"id":50,"date":"2017-03-26T14:54:18","date_gmt":"2017-03-26T14:54:18","guid":{"rendered":"http:\/\/mvc-stammheim.de\/?page_id=50"},"modified":"2022-09-18T09:25:43","modified_gmt":"2022-09-18T09:25:43","slug":"unser-club","status":"publish","type":"page","link":"https:\/\/mvc-stammheim.de\/","title":{"rendered":"Wir"},"content":{"rendered":"<h4>Herzlich Willkommen<\/h4>\n<p>Willkommen auf den Webseiten des Motorrad Veteranen Club Calw-Stammheim. Wir sind ein kleiner Verein, der sich dem Erhalt von alten Motorr\u00e4dern und Mopeds verschrieben hat.<\/p>\n<h4 class=\"vc_separator wpb_content_element vc_separator_align_center vc_sep_width_100 vc_sep_pos_align_center vc_separator_no_text vc_sep_color_grey vc_custom_1461750494258 vc_custom_1461750494258\">Treffen und Veranstaltungen<\/h4>\n<div class=\"wpb_text_column wpb_content_element \">Nat\u00fcrlich bewegen wir unsere Veteranen auch und wir organisieren w\u00e4hrend des Jahres mehrere gemeinsame Ausfahrten. Die Saison beginnt meist mit einer Er\u00f6ffnungsfahrt im Mai, gefolgt von einer Sommerausfahrt und dem Saisonabschluss im Herbst. Zwischen den Ausfahrten haben wir auch noch genug Zeit f\u00fcr Grillfeste, Familienwanderungen und technische Workshops. &nbsp;Ausserdem treffen wir uns jeden Dienstag abend ab 19:00 Uhr im Clubheim &#8222;Im Winkeltal&#8220; in Stammheim, hierzu ist jedermann\/frau herzlich willkommen!<\/div>\n<div class=\"wpb_text_column wpb_content_element \">&nbsp;<\/div>\n<h4 class=\"wpb_text_column wpb_content_element \">Vorstellung im Schwarzw\u00e4lder Boten<\/h4>\n<p>Unglaublich, aber wahr&#8230; Der &#8222;Schwabo&#8220; hat unseren Club portraitiert. Hier geht&#8217;s zum Bericht: <a href=\"http:\/\/www.schwarzwaelder-bote.de\/inhalt.calw-hells-hefe-hilft-bei-motorradfragen.c10d2f1e-7500-4924-a42d-52d7d16b99f3.html\">Link<\/a><\/p>\n","protected":false},"excerpt":{"rendered":"<p>Herzlich Willkommen Willkommen auf den Webseiten des Motorrad Veteranen Club Calw-Stammheim. Wir sind ein kleiner Verein, der sich dem Erhalt von alten Motorr\u00e4dern und Mopeds verschrieben hat. Treffen und Veranstaltungen &hellip; <a href=\"https:\/\/mvc-stammheim.de\/\" class=\"more-link\"><span class=\"screen-reader-text\">\u201eWir\u201c<\/span> weiterlesen<\/a><\/p>\n","protected":false},"author":1,"featured_media":0,"parent":0,"menu_order":0,"comment_status":"closed","ping_status":"closed","template":"","meta":{"ngg_post_thumbnail":0,"_price":"","_stock":"","_tribe_ticket_header":"","_tribe_default_ticket_provider":"","_ticket_start_date":"","_ticket_end_date":"","_tribe_ticket_show_description":"","_tribe_ticket_show_not_going":false,"_tribe_ticket_use_global_stock":"","_tribe_ticket_global_stock_level":"","_global_stock_mode":"","_global_stock_cap":"","_tribe_rsvp_for_event":"","_tribe_ticket_going_count":"","_tribe_ticket_not_going_count":"","_tribe_tickets_list":"[]","_tribe_ticket_has_attendee_info_fields":false,"footnotes":"","_tec_slr_enabled":"","_tec_slr_layout":""},"class_list":["post-50","page","type-page","status-publish","hentry"],"jetpack_sharing_enabled":true,"ticketed":false,"_links":{"self":[{"href":"https:\/\/mvc-stammheim.de\/index.php?rest_route=\/wp\/v2\/pages\/50","targetHints":{"allow":["GET"]}}],"collection":[{"href":"https:\/\/mvc-stammheim.de\/index.php?rest_route=\/wp\/v2\/pages"}],"about":[{"href":"https:\/\/mvc-stammheim.de\/index.php?rest_route=\/wp\/v2\/types\/page"}],"author":[{"embeddable":true,"href":"https:\/\/mvc-stammheim.de\/index.php?rest_route=\/wp\/v2\/users\/1"}],"replies":[{"embeddable":true,"href":"https:\/\/mvc-stammheim.de\/index.php?rest_route=%2Fwp%2Fv2%2Fcomments&post=50"}],"version-history":[{"count":12,"href":"https:\/\/mvc-stammheim.de\/index.php?rest_route=\/wp\/v2\/pages\/50\/revisions"}],"predecessor-version":[{"id":12437,"href":"https:\/\/mvc-stammheim.de\/index.php?rest_route=\/wp\/v2\/pages\/50\/revisions\/12437"}],"wp:attachment":[{"href":"https:\/\/mvc-stammheim.de\/index.php?rest_route=%2Fwp%2Fv2%2Fmedia&parent=50"}],"curies":[{"name":"wp","href":"https:\/\/api.w.org\/{rel}","templated":true}]}}