{"id":63,"date":"2017-03-26T19:24:14","date_gmt":"2017-03-26T19:24:14","guid":{"rendered":"http:\/\/mvc-stammheim.de\/?page_id=63"},"modified":"2017-07-09T11:15:20","modified_gmt":"2017-07-09T11:15:20","slug":"ziele","status":"publish","type":"page","link":"https:\/\/mvc-stammheim.de\/?page_id=63","title":{"rendered":"Ziele"},"content":{"rendered":"<h4 class=\"vc_custom_heading\">Ziele des Clubs<\/h4>\n<div class=\"wpb_text_column wpb_content_element \">\n<div class=\"wpb_wrapper\">\n<p>Wir haben uns als langfristiges Ziel den Erhalt unserer Fahrzeuge gesetzt und legen Wert auf gemeinsame Veranstaltungen und den Erfahrungsaustausch unter Gleichgesinnten. Nat\u00fcrlich kommt auch die Geselligkeit nicht zu kurz, denn wir treffen uns jeden Dienstag abend in unseren Clubr\u00e4umen im ehem. Cafe &#8222;Zum Waldhorn&#8220; in Stammheim. Die Gr\u00fcndung des Motorrad Veteranen Club Stammheim fand im Jahr 2004 statt, als sich ein Haufen verr\u00fcckter Schrauber zusammentat. Seither bewegt sich die Zahl der Mitglieder zwischen 50-70 Personen.<\/p>\n<\/div>\n<\/div>\n<h4 class=\"vc_separator wpb_content_element vc_separator_align_center vc_sep_width_100 vc_sep_pos_align_center vc_separator_no_text vc_sep_color_grey vc_custom_1461750494258 vc_custom_1461750494258\">Ziel dieser Internetseiten<\/h4>\n<div class=\"wpb_text_column wpb_content_element \">\n<div class=\"wpb_wrapper\">\n<p>Das Ziel unseres Internetauftritts ist in erster Linie die Vorstellung des Clubs f\u00fcr interessierte Besucher. Ebenso wollen wir in unregelm\u00e4\u00dfigen Abst\u00e4nden \u00fcber unsere Aktivit\u00e4ten informieren. Es lohnt sich also, \u00f6fters mal vorbeizuschauen.<\/p>\n<\/div>\n<\/div>\n","protected":false},"excerpt":{"rendered":"<p>Ziele des Clubs Wir haben uns als langfristiges Ziel den Erhalt unserer Fahrzeuge gesetzt und legen Wert auf gemeinsame Veranstaltungen und den Erfahrungsaustausch unter Gleichgesinnten. Nat\u00fcrlich kommt auch die Geselligkeit &hellip; <a href=\"https:\/\/mvc-stammheim.de\/?page_id=63\" class=\"more-link\"><span class=\"screen-reader-text\">\u201eZiele\u201c<\/span> weiterlesen<\/a><\/p>\n","protected":false},"author":1,"featured_media":0,"parent":0,"menu_order":0,"comment_status":"closed","ping_status":"closed","template":"","meta":{"ngg_post_thumbnail":0,"_price":"","_stock":"","_tribe_ticket_header":"","_tribe_default_ticket_provider":"","_ticket_start_date":"","_ticket_end_date":"","_tribe_ticket_show_description":"","_tribe_ticket_show_not_going":false,"_tribe_ticket_use_global_stock":"","_tribe_ticket_global_stock_level":"","_global_stock_mode":"","_global_stock_cap":"","_tribe_rsvp_for_event":"","_tribe_ticket_going_count":"","_tribe_ticket_not_going_count":"","_tribe_tickets_list":"[]","_tribe_ticket_has_attendee_info_fields":false,"footnotes":"","_tec_slr_enabled":"","_tec_slr_layout":""},"class_list":["post-63","page","type-page","status-publish","hentry"],"jetpack_sharing_enabled":true,"ticketed":false,"_links":{"self":[{"href":"https:\/\/mvc-stammheim.de\/index.php?rest_route=\/wp\/v2\/pages\/63","targetHints":{"allow":["GET"]}}],"collection":[{"href":"https:\/\/mvc-stammheim.de\/index.php?rest_route=\/wp\/v2\/pages"}],"about":[{"href":"https:\/\/mvc-stammheim.de\/index.php?rest_route=\/wp\/v2\/types\/page"}],"author":[{"embeddable":true,"href":"https:\/\/mvc-stammheim.de\/index.php?rest_route=\/wp\/v2\/users\/1"}],"replies":[{"embeddable":true,"href":"https:\/\/mvc-stammheim.de\/index.php?rest_route=%2Fwp%2Fv2%2Fcomments&post=63"}],"version-history":[{"count":8,"href":"https:\/\/mvc-stammheim.de\/index.php?rest_route=\/wp\/v2\/pages\/63\/revisions"}],"predecessor-version":[{"id":1290,"href":"https:\/\/mvc-stammheim.de\/index.php?rest_route=\/wp\/v2\/pages\/63\/revisions\/1290"}],"wp:attachment":[{"href":"https:\/\/mvc-stammheim.de\/index.php?rest_route=%2Fwp%2Fv2%2Fmedia&parent=63"}],"curies":[{"name":"wp","href":"https:\/\/api.w.org\/{rel}","templated":true}]}}