{"id":69,"date":"2017-03-26T19:31:12","date_gmt":"2017-03-26T19:31:12","guid":{"rendered":"http:\/\/mvc-stammheim.de\/?page_id=69"},"modified":"2026-03-30T09:23:06","modified_gmt":"2026-03-30T09:23:06","slug":"die-vorstandschaft","status":"publish","type":"page","link":"https:\/\/mvc-stammheim.de\/?page_id=69","title":{"rendered":"Vorstand"},"content":{"rendered":"\n<p>Der Vorstand kann&nbsp;\u00fcber die email <strong>vorstand@mvc-stammheim.de<\/strong>&nbsp;erreicht werden.<\/p>\n\n\n\n<h6 class=\"wp-block-heading\">1. Vorsitzender: Martin Gerstenlauer<\/h6>\n\n\n\n<h6 class=\"wp-block-heading\">2. Vorsitzender: Karl Rauser<\/h6>\n\n\n\n<h6 class=\"wp-block-heading\">Kassierer: Marco Bodio <\/h6>\n\n\n\n<h6 class=\"wp-block-heading\">Schriftf\u00fchrer: Sandra Widera<\/h6>\n\n\n\n<h6 class=\"wp-block-heading\">Leiter Vereinsheim: Klaus Pro\u00df<\/h6>\n\n\n\n<h6 class=\"wp-block-heading\">Leiterin Werkstatt: Nina W\u00f6rner<\/h6>\n","protected":false},"excerpt":{"rendered":"<p>Der Vorstand kann&nbsp;\u00fcber die email vorstand@mvc-stammheim.de&nbsp;erreicht werden. 1. Vorsitzender: Martin Gerstenlauer 2. Vorsitzender: Karl Rauser Kassierer: Marco Bodio Schriftf\u00fchrer: Sandra Widera Leiter Vereinsheim: Klaus Pro\u00df Leiterin Werkstatt: Nina W\u00f6rner<\/p>\n","protected":false},"author":1,"featured_media":0,"parent":0,"menu_order":0,"comment_status":"closed","ping_status":"closed","template":"","meta":{"ngg_post_thumbnail":0,"_price":"","_stock":"","_tribe_ticket_header":"","_tribe_default_ticket_provider":"","_ticket_start_date":"","_ticket_end_date":"","_tribe_ticket_show_description":"","_tribe_ticket_show_not_going":false,"_tribe_ticket_use_global_stock":"","_tribe_ticket_global_stock_level":"","_global_stock_mode":"","_global_stock_cap":"","_tribe_rsvp_for_event":"","_tribe_ticket_going_count":"","_tribe_ticket_not_going_count":"","_tribe_tickets_list":"[]","_tribe_ticket_has_attendee_info_fields":false,"footnotes":"","_tec_slr_enabled":"","_tec_slr_layout":""},"class_list":["post-69","page","type-page","status-publish","hentry"],"jetpack_sharing_enabled":true,"ticketed":false,"_links":{"self":[{"href":"https:\/\/mvc-stammheim.de\/index.php?rest_route=\/wp\/v2\/pages\/69","targetHints":{"allow":["GET"]}}],"collection":[{"href":"https:\/\/mvc-stammheim.de\/index.php?rest_route=\/wp\/v2\/pages"}],"about":[{"href":"https:\/\/mvc-stammheim.de\/index.php?rest_route=\/wp\/v2\/types\/page"}],"author":[{"embeddable":true,"href":"https:\/\/mvc-stammheim.de\/index.php?rest_route=\/wp\/v2\/users\/1"}],"replies":[{"embeddable":true,"href":"https:\/\/mvc-stammheim.de\/index.php?rest_route=%2Fwp%2Fv2%2Fcomments&post=69"}],"version-history":[{"count":17,"href":"https:\/\/mvc-stammheim.de\/index.php?rest_route=\/wp\/v2\/pages\/69\/revisions"}],"predecessor-version":[{"id":14599,"href":"https:\/\/mvc-stammheim.de\/index.php?rest_route=\/wp\/v2\/pages\/69\/revisions\/14599"}],"wp:attachment":[{"href":"https:\/\/mvc-stammheim.de\/index.php?rest_route=%2Fwp%2Fv2%2Fmedia&parent=69"}],"curies":[{"name":"wp","href":"https:\/\/api.w.org\/{rel}","templated":true}]}}